{"id":19,"date":"2020-06-05T09:13:19","date_gmt":"2020-06-05T09:13:19","guid":{"rendered":"https:\/\/demo.casethemes.net\/bixol\/?page_id=19"},"modified":"2022-11-26T21:16:27","modified_gmt":"2022-11-26T18:16:27","slug":"fiyatlarimiz","status":"publish","type":"page","link":"https:\/\/www.polatbuharliyikama.com\/index.php\/fiyatlarimiz\/","title":{"rendered":"Fiyat Listesi"},"content":{"rendered":"\t\t<div data-elementor-type=\"wp-page\" data-elementor-id=\"19\" class=\"elementor elementor-19\">\n\t\t\t\t\t\t\t        <section class=\"elementor-section elementor-top-section elementor-element elementor-element-4063b9d6 elementor-section-boxed elementor-section-height-default elementor-section-height-default ct-header-fixed-none\" data-id=\"4063b9d6\" data-element_type=\"section\">\n            \n                        <div class=\"elementor-container elementor-column-gap-default \">\n                    <div class=\"elementor-column elementor-col-100 elementor-top-column elementor-element elementor-element-2a0f2fd3\" data-id=\"2a0f2fd3\" data-element_type=\"column\">\n            <div class=\"elementor-widget-wrap elementor-element-populated\">\n                                <section class=\"elementor-section elementor-inner-section elementor-element elementor-element-603d23e9 elementor-section-boxed elementor-section-height-default elementor-section-height-default ct-header-fixed-none\" data-id=\"603d23e9\" data-element_type=\"section\">\n            \n                        <div class=\"elementor-container elementor-column-gap-extended \">\n                    <div class=\"elementor-column elementor-col-33 elementor-inner-column elementor-element elementor-element-66b25920\" data-id=\"66b25920\" data-element_type=\"column\">\n            <div class=\"elementor-widget-wrap\">\n                                    <\/div>\n        <\/div>\n                <div class=\"elementor-column elementor-col-33 elementor-inner-column elementor-element elementor-element-396c266a\" data-id=\"396c266a\" data-element_type=\"column\">\n            <div class=\"elementor-widget-wrap elementor-element-populated\">\n                        \t\t<div class=\"elementor-element elementor-element-5ed28d66 elementor-widget elementor-widget-ct_heading\" data-id=\"5ed28d66\" data-element_type=\"widget\" data-widget_type=\"ct_heading.default\">\n\t\t\t\t<div class=\"elementor-widget-container\">\n\t\t\t<div id=\"ct_heading-5ed28d66\" class=\"ct-heading h-align-center ct-heading-left item-st-default\">\r\n\t<div class=\"ct-inline-css\"  data-css=\"\r\n        \">\r\n    <\/div>\r\n    \t\t<div class=\"item--sub-title st-default \" data-wow-delay=\"ms\">\r\n            <div class=\"item--sub-title-inner\">\r\n                                    <div class=\"icon-sub-title\">\r\n                        <svg version=\"1.0\" xmlns=\"http:\/\/www.w3.org\/2000\/svg\" viewBox=\"0 0 382.000000 382.000000\" preserveAspectRatio=\"xMidYMid meet\">\r\n                            <defs>\r\n                                <linearGradient id=\"sub-icon1\" x1=\"0%\" y1=\"0%\" x2=\"0%\" y2=\"100%\">\r\n                                      <stop offset=\"0%\" style=\"stop-color:#0431b8;stop-opacity:1\" \/>\r\n                                      <stop offset=\"100%\" style=\"stop-color:#007cfb;stop-opacity:1\" \/>\r\n                                <\/linearGradient>\r\n                              <\/defs>\r\n                            <g fill=\"url(#sub-icon1)\" transform=\"translate(0.000000,382.000000) scale(0.100000,-0.100000)\" fill=\"#000000\" stroke=\"none\"><path d=\"M1856 3797 c-20 -20 -23 -36 -29 -142 -50 -901 -761 -1612 -1662 -1662 -106 -6 -122 -9 -142 -29 -30 -30 -30 -78 0 -108 20 -20 36 -23 142 -29 901 -50 1612 -761 1662 -1662 6 -106 9 -122 29 -142 30 -30 78 -30 108 0 20 20 23 36 29 142 50 901 761 1612 1662 1662 106 6 122 9 142 29 30 30 30 78 0 108 -20 20 -36 23 -142 29 -901 50 -1612 761 -1662 1662 -6 106 -9 122 -29 142 -14 14 -35 23 -54 23 -19 0 -40 -9 -54 -23z\"\/><\/g>\r\n                        <\/svg>\r\n                        <svg version=\"1.0\" xmlns=\"http:\/\/www.w3.org\/2000\/svg\" viewBox=\"0 0 382.000000 382.000000\" preserveAspectRatio=\"xMidYMid meet\">\r\n                            <defs>\r\n                                <linearGradient id=\"sub-icon2\" x1=\"0%\" y1=\"0%\" x2=\"0%\" y2=\"100%\">\r\n                                      <stop offset=\"0%\" style=\"stop-color:#0431b8;stop-opacity:1\" \/>\r\n                                      <stop offset=\"100%\" style=\"stop-color:#007cfb;stop-opacity:1\" \/>\r\n                                <\/linearGradient>\r\n                              <\/defs>\r\n                            <g fill=\"url(#sub-icon2)\" transform=\"translate(0.000000,382.000000) scale(0.100000,-0.100000)\" fill=\"#000000\" stroke=\"none\"><path d=\"M1856 3797 c-20 -20 -23 -36 -29 -142 -50 -901 -761 -1612 -1662 -1662 -106 -6 -122 -9 -142 -29 -30 -30 -30 -78 0 -108 20 -20 36 -23 142 -29 901 -50 1612 -761 1662 -1662 6 -106 9 -122 29 -142 30 -30 78 -30 108 0 20 20 23 36 29 142 50 901 761 1612 1662 1662 106 6 122 9 142 29 30 30 30 78 0 108 -20 20 -36 23 -142 29 -901 50 -1612 761 -1662 1662 -6 106 -9 122 -29 142 -14 14 -35 23 -54 23 -19 0 -40 -9 -54 -23z\"\/><\/g>\r\n                        <\/svg>\r\n                        <svg version=\"1.0\" xmlns=\"http:\/\/www.w3.org\/2000\/svg\" viewBox=\"0 0 382.000000 382.000000\" preserveAspectRatio=\"xMidYMid meet\">\r\n                            <defs>\r\n                                <linearGradient id=\"sub-icon3\" x1=\"0%\" y1=\"0%\" x2=\"0%\" y2=\"100%\">\r\n                                      <stop offset=\"0%\" style=\"stop-color:#0431b8;stop-opacity:1\" \/>\r\n                                      <stop offset=\"100%\" style=\"stop-color:#007cfb;stop-opacity:1\" \/>\r\n                                <\/linearGradient>\r\n                              <\/defs>\r\n                            <g fill=\"url(#sub-icon3)\" transform=\"translate(0.000000,382.000000) scale(0.100000,-0.100000)\" fill=\"#000000\" stroke=\"none\"><path d=\"M1856 3797 c-20 -20 -23 -36 -29 -142 -50 -901 -761 -1612 -1662 -1662 -106 -6 -122 -9 -142 -29 -30 -30 -30 -78 0 -108 20 -20 36 -23 142 -29 901 -50 1612 -761 1662 -1662 6 -106 9 -122 29 -142 30 -30 78 -30 108 0 20 20 23 36 29 142 50 901 761 1612 1662 1662 106 6 122 9 142 29 30 30 30 78 0 108 -20 20 -36 23 -142 29 -901 50 -1612 761 -1662 1662 -6 106 -9 122 -29 142 -14 14 -35 23 -54 23 -19 0 -40 -9 -54 -23z\"\/><\/g>\r\n                        <\/svg>\r\n                    <\/div>\r\n                                Fiyat Politikam\u0131z            <\/div>\r\n        <\/div>\r\n\t    <h3 class=\"item--title  st-default \" data-wow-delay=\"ms\">\r\n        <span class=\"ct-text-inner\">En iyi Temizlik <small>En Uygun Fiyata!<\/small><\/span>    <\/h3>\r\n<\/div>\t\t<\/div>\n\t\t\t\t<\/div>\n\t\t\t\t<div class=\"elementor-element elementor-element-50de6744 elementor-widget elementor-widget-ct_text_editor\" data-id=\"50de6744\" data-element_type=\"widget\" data-widget_type=\"ct_text_editor.default\">\n\t\t\t\t<div class=\"elementor-widget-container\">\n\t\t\t<div id=\"ct_text_editor-50de6744\" class=\"ct-text-editor \" data-wow-delay=\"ms\">\n\t<div class=\"ct-inline-css\"  data-css=\"\n        \t\t\">\n\n    <\/div>\n\t<div class=\"ct-text-editor elementor-clearfix\">\n\t\t<p>i\u015fimizi en uygun fiyata severek zaman\u0131nda profesyonel bir \u015fekilde yapmaktay\u0131z<\/p>\t\t\n\t<\/div>\n<\/div>\t\t<\/div>\n\t\t\t\t<\/div>\n\t\t            <\/div>\n        <\/div>\n                <div class=\"elementor-column elementor-col-33 elementor-inner-column elementor-element elementor-element-7154cbdb\" data-id=\"7154cbdb\" data-element_type=\"column\">\n            <div class=\"elementor-widget-wrap\">\n                                    <\/div>\n        <\/div>\n                            <\/div>\n        <\/section>\n        \t\t<div class=\"elementor-element elementor-element-88cdc71 elementor-widget elementor-widget-text-editor\" data-id=\"88cdc71\" data-element_type=\"widget\" data-widget_type=\"text-editor.default\">\n\t\t\t\t<div class=\"elementor-widget-container\">\n\t\t\t<style>\/*! elementor - v3.8.0 - 30-10-2022 *\/\n.elementor-widget-text-editor.elementor-drop-cap-view-stacked .elementor-drop-cap{background-color:#818a91;color:#fff}.elementor-widget-text-editor.elementor-drop-cap-view-framed .elementor-drop-cap{color:#818a91;border:3px solid;background-color:transparent}.elementor-widget-text-editor:not(.elementor-drop-cap-view-default) .elementor-drop-cap{margin-top:8px}.elementor-widget-text-editor:not(.elementor-drop-cap-view-default) .elementor-drop-cap-letter{width:1em;height:1em}.elementor-widget-text-editor .elementor-drop-cap{float:left;text-align:center;line-height:1;font-size:50px}.elementor-widget-text-editor .elementor-drop-cap-letter{display:inline-block}<\/style>\t\t\t\t<p>Kampanyal\u0131 fiyatlar\u0131m\u0131z i\u00e7in<strong> 0 506 846 50 50 <\/strong>veya<strong>\u00a0<\/strong>numaral\u0131 telefondan bize ula\u015fabilirsiniz<\/p><p><strong>B\u0130REYSEL TEM\u0130ZL\u0130K H\u0130ZMETLER\u0130 F\u0130YAT L\u0130STES\u0130:<\/strong><\/p><p>\u00a0Koltuk Y\u0131kama \u00a0(Tak\u0131m; kenarlar\u0131 ve s\u0131rt\u0131 deri ) :\u00a0\u00a0<\/p><p><strong>\u00a0<\/strong>Koltuk Y\u0131kama \u00a0( Tak\u0131m; 3+2+1+1 ) :\u00a0\u00a0<\/p><p>\u00a0Koltuk Y\u0131kama ( Tak\u0131m; 3+3+1+1 ) :\u00a0\u00a0<\/p><p>Koltuk Y\u0131kama ( Tak\u0131m;Minderli) :\u00a0\u00a0<\/p><p>Kanepe Y\u0131kama :<\/p><p>Berjer Y\u0131kama :\u00a0\u00a0<\/p><p>K\u00f6\u015fe Tak\u0131m\u0131 Y\u0131kama (K\u00fc\u00e7\u00fck) :\u00a0\u00a0<\/p><p>L Koltuk Tak\u0131m\u0131 Y\u0131kama (Orta) :\u00a0\u00a0<\/p><p>L Koltuk Tak\u0131m\u0131 Y\u0131kama (Battal boy)\u00a0\u00a0<\/p><p>Sandalye y\u0131kama : (sadece oturma yerleri kuma\u015f ) :\u00a0<\/p><p>Sandalye Y\u0131kama :<strong>\u00a0\u00a0<\/strong>( Her yeri kuma\u015f ) :<\/p><p>\u00c7ift Ki\u015filik Yatak Y\u0131kama :\u00a0<\/p><p>Tek Ki\u015filik Yatak Y\u0131kama:<\/p><p>Deri sandalye temizli\u011fi\u00a0<strong>: ( Buharla dezenfekte ve silme i\u015flemi)<\/strong><\/p><p>Yerinde Hal\u0131fleks Y\u0131kama :\u00a0<\/p>\t\t\t\t\t\t<\/div>\n\t\t\t\t<\/div>\n\t\t            <\/div>\n        <\/div>\n                            <\/div>\n        <\/section>\n        \t\t\t\t\t<\/div>\n\t\t","protected":false},"excerpt":{"rendered":"<p>Fiyat Politikam\u0131z En iyi Temizlik En Uygun Fiyata! i\u015fimizi en uygun fiyata severek zaman\u0131nda profesyonel bir \u015fekilde yapmaktay\u0131z Kampanyal\u0131 fiyatlar\u0131m\u0131z i\u00e7in 0 506 846 50 50 veya\u00a0numaral\u0131 telefondan bize ula\u015fabilirsiniz B\u0130REYSEL TEM\u0130ZL\u0130K H\u0130ZMETLER\u0130 F\u0130YAT L\u0130STES\u0130: \u00a0Koltuk Y\u0131kama \u00a0(Tak\u0131m; kenarlar\u0131 ve s\u0131rt\u0131 deri ) :\u00a0\u00a0 \u00a0Koltuk Y\u0131kama \u00a0( Tak\u0131m; 3+2+1+1 ) :\u00a0\u00a0 \u00a0Koltuk Y\u0131kama ( Tak\u0131m; [&hellip;]<\/p>\n","protected":false},"author":1,"featured_media":0,"parent":0,"menu_order":0,"comment_status":"closed","ping_status":"closed","template":"","meta":[],"yoast_head":"<!-- This site is optimized with the Yoast SEO plugin v19.9 - https:\/\/yoast.com\/wordpress\/plugins\/seo\/ -->\n<title>Fiyat Listesi - Polat Buharl\u0131 Y\u0131kama Koltuk - Yatak - Kanepe<\/title>\n<meta name=\"description\" content=\"Buharl\u0131 Koltuk Y\u0131kama Fiyat Listesi, Buharl\u0131 Kanepe Y\u0131kama Fiyat Listesi, Buharl\u0131 Yatak Y\u0131kama Listesi, Buharl\u0131 Sandalye Y\u0131kama\" \/>\n<meta name=\"robots\" content=\"index, follow, max-snippet:-1, max-image-preview:large, max-video-preview:-1\" \/>\n<link rel=\"canonical\" href=\"https:\/\/www.polatbuharliyikama.com\/index.php\/fiyatlarimiz\/\" \/>\n<meta property=\"og:locale\" content=\"tr_TR\" \/>\n<meta property=\"og:type\" content=\"article\" \/>\n<meta property=\"og:title\" content=\"Fiyat Listesi - Polat Buharl\u0131 Y\u0131kama Koltuk - Yatak - Kanepe\" \/>\n<meta property=\"og:description\" content=\"Buharl\u0131 Koltuk Y\u0131kama Fiyat Listesi, Buharl\u0131 Kanepe Y\u0131kama Fiyat Listesi, Buharl\u0131 Yatak Y\u0131kama Listesi, Buharl\u0131 Sandalye Y\u0131kama\" \/>\n<meta property=\"og:url\" content=\"https:\/\/www.polatbuharliyikama.com\/index.php\/fiyatlarimiz\/\" \/>\n<meta property=\"og:site_name\" content=\"Polat Buharl\u0131 Y\u0131kama Koltuk - Yatak - Kanepe\" \/>\n<meta property=\"article:modified_time\" content=\"2022-11-26T18:16:27+00:00\" \/>\n<meta name=\"twitter:card\" content=\"summary_large_image\" \/>\n<meta name=\"twitter:label1\" content=\"Tahmini okuma s\u00fcresi\" \/>\n\t<meta name=\"twitter:data1\" content=\"1 dakika\" \/>\n<script type=\"application\/ld+json\" class=\"yoast-schema-graph\">{\"@context\":\"https:\/\/schema.org\",\"@graph\":[{\"@type\":\"WebPage\",\"@id\":\"https:\/\/www.polatbuharliyikama.com\/index.php\/fiyatlarimiz\/\",\"url\":\"https:\/\/www.polatbuharliyikama.com\/index.php\/fiyatlarimiz\/\",\"name\":\"Fiyat Listesi - Polat Buharl\u0131 Y\u0131kama Koltuk - Yatak - Kanepe\",\"isPartOf\":{\"@id\":\"https:\/\/www.polatbuharliyikama.com\/#website\"},\"datePublished\":\"2020-06-05T09:13:19+00:00\",\"dateModified\":\"2022-11-26T18:16:27+00:00\",\"description\":\"Buharl\u0131 Koltuk Y\u0131kama Fiyat Listesi, Buharl\u0131 Kanepe Y\u0131kama Fiyat Listesi, Buharl\u0131 Yatak Y\u0131kama Listesi, Buharl\u0131 Sandalye Y\u0131kama\",\"breadcrumb\":{\"@id\":\"https:\/\/www.polatbuharliyikama.com\/index.php\/fiyatlarimiz\/#breadcrumb\"},\"inLanguage\":\"tr\",\"potentialAction\":[{\"@type\":\"ReadAction\",\"target\":[\"https:\/\/www.polatbuharliyikama.com\/index.php\/fiyatlarimiz\/\"]}]},{\"@type\":\"BreadcrumbList\",\"@id\":\"https:\/\/www.polatbuharliyikama.com\/index.php\/fiyatlarimiz\/#breadcrumb\",\"itemListElement\":[{\"@type\":\"ListItem\",\"position\":1,\"name\":\"Anasayfa\",\"item\":\"https:\/\/www.polatbuharliyikama.com\/\"},{\"@type\":\"ListItem\",\"position\":2,\"name\":\"Fiyat Listesi\"}]},{\"@type\":\"WebSite\",\"@id\":\"https:\/\/www.polatbuharliyikama.com\/#website\",\"url\":\"https:\/\/www.polatbuharliyikama.com\/\",\"name\":\"Polat Buharl\u0131 Y\u0131kama Koltuk - Yatak - Kanepe\",\"description\":\"Bir ba\u015fka WordPress sitesi\",\"potentialAction\":[{\"@type\":\"SearchAction\",\"target\":{\"@type\":\"EntryPoint\",\"urlTemplate\":\"https:\/\/www.polatbuharliyikama.com\/?s={search_term_string}\"},\"query-input\":\"required name=search_term_string\"}],\"inLanguage\":\"tr\"}]}<\/script>\n<!-- \/ Yoast SEO plugin. -->","yoast_head_json":{"title":"Fiyat Listesi - Polat Buharl\u0131 Y\u0131kama Koltuk - Yatak - Kanepe","description":"Buharl\u0131 Koltuk Y\u0131kama Fiyat Listesi, Buharl\u0131 Kanepe Y\u0131kama Fiyat Listesi, Buharl\u0131 Yatak Y\u0131kama Listesi, Buharl\u0131 Sandalye Y\u0131kama","robots":{"index":"index","follow":"follow","max-snippet":"max-snippet:-1","max-image-preview":"max-image-preview:large","max-video-preview":"max-video-preview:-1"},"canonical":"https:\/\/www.polatbuharliyikama.com\/index.php\/fiyatlarimiz\/","og_locale":"tr_TR","og_type":"article","og_title":"Fiyat Listesi - Polat Buharl\u0131 Y\u0131kama Koltuk - Yatak - Kanepe","og_description":"Buharl\u0131 Koltuk Y\u0131kama Fiyat Listesi, Buharl\u0131 Kanepe Y\u0131kama Fiyat Listesi, Buharl\u0131 Yatak Y\u0131kama Listesi, Buharl\u0131 Sandalye Y\u0131kama","og_url":"https:\/\/www.polatbuharliyikama.com\/index.php\/fiyatlarimiz\/","og_site_name":"Polat Buharl\u0131 Y\u0131kama Koltuk - Yatak - Kanepe","article_modified_time":"2022-11-26T18:16:27+00:00","twitter_card":"summary_large_image","twitter_misc":{"Tahmini okuma s\u00fcresi":"1 dakika"},"schema":{"@context":"https:\/\/schema.org","@graph":[{"@type":"WebPage","@id":"https:\/\/www.polatbuharliyikama.com\/index.php\/fiyatlarimiz\/","url":"https:\/\/www.polatbuharliyikama.com\/index.php\/fiyatlarimiz\/","name":"Fiyat Listesi - Polat Buharl\u0131 Y\u0131kama Koltuk - Yatak - Kanepe","isPartOf":{"@id":"https:\/\/www.polatbuharliyikama.com\/#website"},"datePublished":"2020-06-05T09:13:19+00:00","dateModified":"2022-11-26T18:16:27+00:00","description":"Buharl\u0131 Koltuk Y\u0131kama Fiyat Listesi, Buharl\u0131 Kanepe Y\u0131kama Fiyat Listesi, Buharl\u0131 Yatak Y\u0131kama Listesi, Buharl\u0131 Sandalye Y\u0131kama","breadcrumb":{"@id":"https:\/\/www.polatbuharliyikama.com\/index.php\/fiyatlarimiz\/#breadcrumb"},"inLanguage":"tr","potentialAction":[{"@type":"ReadAction","target":["https:\/\/www.polatbuharliyikama.com\/index.php\/fiyatlarimiz\/"]}]},{"@type":"BreadcrumbList","@id":"https:\/\/www.polatbuharliyikama.com\/index.php\/fiyatlarimiz\/#breadcrumb","itemListElement":[{"@type":"ListItem","position":1,"name":"Anasayfa","item":"https:\/\/www.polatbuharliyikama.com\/"},{"@type":"ListItem","position":2,"name":"Fiyat Listesi"}]},{"@type":"WebSite","@id":"https:\/\/www.polatbuharliyikama.com\/#website","url":"https:\/\/www.polatbuharliyikama.com\/","name":"Polat Buharl\u0131 Y\u0131kama Koltuk - Yatak - Kanepe","description":"Bir ba\u015fka WordPress sitesi","potentialAction":[{"@type":"SearchAction","target":{"@type":"EntryPoint","urlTemplate":"https:\/\/www.polatbuharliyikama.com\/?s={search_term_string}"},"query-input":"required name=search_term_string"}],"inLanguage":"tr"}]}},"_links":{"self":[{"href":"https:\/\/www.polatbuharliyikama.com\/index.php\/wp-json\/wp\/v2\/pages\/19"}],"collection":[{"href":"https:\/\/www.polatbuharliyikama.com\/index.php\/wp-json\/wp\/v2\/pages"}],"about":[{"href":"https:\/\/www.polatbuharliyikama.com\/index.php\/wp-json\/wp\/v2\/types\/page"}],"author":[{"embeddable":true,"href":"https:\/\/www.polatbuharliyikama.com\/index.php\/wp-json\/wp\/v2\/users\/1"}],"replies":[{"embeddable":true,"href":"https:\/\/www.polatbuharliyikama.com\/index.php\/wp-json\/wp\/v2\/comments?post=19"}],"version-history":[{"count":8,"href":"https:\/\/www.polatbuharliyikama.com\/index.php\/wp-json\/wp\/v2\/pages\/19\/revisions"}],"predecessor-version":[{"id":5910,"href":"https:\/\/www.polatbuharliyikama.com\/index.php\/wp-json\/wp\/v2\/pages\/19\/revisions\/5910"}],"wp:attachment":[{"href":"https:\/\/www.polatbuharliyikama.com\/index.php\/wp-json\/wp\/v2\/media?parent=19"}],"curies":[{"name":"wp","href":"https:\/\/api.w.org\/{rel}","templated":true}]}}